{"id":9,"date":"2018-05-14T06:14:15","date_gmt":"2018-05-14T06:14:15","guid":{"rendered":"http:\/\/viziotatabanya.hu\/?page_id=9"},"modified":"2023-01-27T18:18:04","modified_gmt":"2023-01-27T18:18:04","slug":"elerhetoseg","status":"publish","type":"page","link":"https:\/\/viziotatabanya.hu\/index.php\/elerhetoseg\/","title":{"rendered":"El\u00e9rhet\u0151s\u00e9g"},"content":{"rendered":"<p>Tatab\u00e1nya Gy\u0151ri \u00fat 1\/A\u00a0 Vas\u00fat\u00e1llom\u00e1s Konzum emelet.<\/p>\n<p>Nyitvatart\u00e1s: Kedd &#8211; P\u00e9ntek 10 &#8211; 17 \u00f3r\u00e1ig<\/p>\n<p>Szombat Vas\u00e1rnap 10 &#8211; 13 \u00f3r\u00e1ig<\/p>\n<p>H\u00e9tf\u0151n z\u00e1rva<\/p>\n<p><img loading=\"lazy\" decoding=\"async\" class=\"size-medium wp-image-80 alignleft\" src=\"https:\/\/viziotatabanya.hu\/wp-content\/uploads\/2018\/05\/vad01-225x300.jpg\" alt=\"\" width=\"225\" height=\"300\" srcset=\"https:\/\/viziotatabanya.hu\/wp-content\/uploads\/2018\/05\/vad01-225x300.jpg 225w, https:\/\/viziotatabanya.hu\/wp-content\/uploads\/2018\/05\/vad01.jpg 720w\" sizes=\"auto, (max-width: 225px) 100vw, 225px\" \/><img loading=\"lazy\" decoding=\"async\" class=\"size-medium wp-image-81 alignright\" src=\"https:\/\/viziotatabanya.hu\/wp-content\/uploads\/2018\/05\/vad02-225x300.jpg\" alt=\"\" width=\"225\" height=\"300\" srcset=\"https:\/\/viziotatabanya.hu\/wp-content\/uploads\/2018\/05\/vad02-225x300.jpg 225w, https:\/\/viziotatabanya.hu\/wp-content\/uploads\/2018\/05\/vad02.jpg 720w\" sizes=\"auto, (max-width: 225px) 100vw, 225px\" \/><\/p>\n","protected":false},"excerpt":{"rendered":"<p>Tatab\u00e1nya Gy\u0151ri \u00fat 1\/A\u00a0 Vas\u00fat\u00e1llom\u00e1s Konzum emelet. Nyitvatart\u00e1s: Kedd &#8211; P\u00e9ntek 10 &#8211; 17 \u00f3r\u00e1ig Szombat Vas\u00e1rnap 10 &#8211; 13 \u00f3r\u00e1ig H\u00e9tf\u0151n z\u00e1rva<\/p>\n","protected":false},"author":1,"featured_media":0,"parent":0,"menu_order":0,"comment_status":"closed","ping_status":"closed","template":"","meta":{"footnotes":""},"class_list":["post-9","page","type-page","status-publish","hentry"],"_links":{"self":[{"href":"https:\/\/viziotatabanya.hu\/index.php\/wp-json\/wp\/v2\/pages\/9","targetHints":{"allow":["GET"]}}],"collection":[{"href":"https:\/\/viziotatabanya.hu\/index.php\/wp-json\/wp\/v2\/pages"}],"about":[{"href":"https:\/\/viziotatabanya.hu\/index.php\/wp-json\/wp\/v2\/types\/page"}],"author":[{"embeddable":true,"href":"https:\/\/viziotatabanya.hu\/index.php\/wp-json\/wp\/v2\/users\/1"}],"replies":[{"embeddable":true,"href":"https:\/\/viziotatabanya.hu\/index.php\/wp-json\/wp\/v2\/comments?post=9"}],"version-history":[{"count":9,"href":"https:\/\/viziotatabanya.hu\/index.php\/wp-json\/wp\/v2\/pages\/9\/revisions"}],"predecessor-version":[{"id":558,"href":"https:\/\/viziotatabanya.hu\/index.php\/wp-json\/wp\/v2\/pages\/9\/revisions\/558"}],"wp:attachment":[{"href":"https:\/\/viziotatabanya.hu\/index.php\/wp-json\/wp\/v2\/media?parent=9"}],"curies":[{"name":"wp","href":"https:\/\/api.w.org\/{rel}","templated":true}]}}