{"id":503,"date":"2020-07-24T09:12:32","date_gmt":"2020-07-24T09:12:32","guid":{"rendered":"http:\/\/viziotatabanya.hu\/?page_id=503"},"modified":"2023-01-27T18:14:27","modified_gmt":"2023-01-27T18:14:27","slug":"vizio-dekor","status":"publish","type":"page","link":"https:\/\/viziotatabanya.hu\/index.php\/vizio-dekor\/","title":{"rendered":"V\u00edzi\u00f3 Dekor"},"content":{"rendered":"<p style=\"text-align: center;\"><a href=\"https:\/\/www.facebook.com\/viziodekor\/\">https:\/\/www.facebook.com\/viziodekor\/<\/a><\/p>\n<p style=\"text-align: center;\"><a href=\"https:\/\/centrumshop.hu\/index.php?route=product\/category&amp;path=62\" target=\"_blank\" rel=\"noopener noreferrer\">Web\u00e1ruh\u00e1zunk el\u00e9rhet\u0151 itt<\/a><\/p>\n<p><span class=\"tojvnm2t a6sixzi8 abs2jz4q a8s20v7p t1p8iaqh k5wvi7nf q3lfd5jv pk4s997a bipmatt0 cebpdrjk qowsmv63 owwhemhu dp1hu0rb dhp61c6y iyyx5f41\">A V\u00edzi\u00f3 Dekor t\u00f6bb, mint 2 \u00e9ve n\u0151tte ki mag\u00e1t hobbi oldalb\u00f3l hivat\u00e1ss\u00e1. A n\u00e9vv\u00e1laszt\u00e1s nem a v\u00e9letlen m\u0171ve, hiszen meg\u00e9lhet\u00e9s\u00fcnk alappill\u00e9re a V\u00edzi\u00f3 Aqv\u00e1rium tatab\u00e1nyai d\u00edsz\u00e1llat keresked\u00e9s\u00fcnk, mely a dekor\u00e1ci\u00f3k szem\u00e9lyes \u00e1tv\u00e9teli helye is egyben. A mi vil\u00e1gunk els\u0151sorban a pihe-puha filc, melyb\u0151l imm\u00e1ron saj\u00e1t, egyedi tervez\u00e9s\u0171 \u00e9s kivitelez\u00e9s\u0171, n\u00e9vre sz\u00f3l\u00f3, filc d\u00edszeket is k\u00e9sz\u00edt\u00fcnk. <\/span><\/p>\n<p><span class=\"tojvnm2t a6sixzi8 abs2jz4q a8s20v7p t1p8iaqh k5wvi7nf q3lfd5jv pk4s997a bipmatt0 cebpdrjk qowsmv63 owwhemhu dp1hu0rb dhp61c6y iyyx5f41\"><img loading=\"lazy\" decoding=\"async\" class=\"wp-image-518 alignleft\" src=\"https:\/\/viziotatabanya.hu\/wp-content\/uploads\/2020\/07\/96789226_2835841726742237_8581195664992501760_o-225x300.jpg\" alt=\"\" width=\"193\" height=\"257\" srcset=\"https:\/\/viziotatabanya.hu\/wp-content\/uploads\/2020\/07\/96789226_2835841726742237_8581195664992501760_o-225x300.jpg 225w, https:\/\/viziotatabanya.hu\/wp-content\/uploads\/2020\/07\/96789226_2835841726742237_8581195664992501760_o-768x1024.jpg 768w, https:\/\/viziotatabanya.hu\/wp-content\/uploads\/2020\/07\/96789226_2835841726742237_8581195664992501760_o.jpg 1200w\" sizes=\"auto, (max-width: 193px) 100vw, 193px\" \/><img loading=\"lazy\" decoding=\"async\" class=\"wp-image-517 alignleft\" src=\"https:\/\/viziotatabanya.hu\/wp-content\/uploads\/2020\/07\/96686248_2838240023169074_3831993070149173248_o-225x300.jpg\" alt=\"\" width=\"193\" height=\"257\" srcset=\"https:\/\/viziotatabanya.hu\/wp-content\/uploads\/2020\/07\/96686248_2838240023169074_3831993070149173248_o-225x300.jpg 225w, https:\/\/viziotatabanya.hu\/wp-content\/uploads\/2020\/07\/96686248_2838240023169074_3831993070149173248_o-768x1024.jpg 768w, https:\/\/viziotatabanya.hu\/wp-content\/uploads\/2020\/07\/96686248_2838240023169074_3831993070149173248_o.jpg 1200w\" sizes=\"auto, (max-width: 193px) 100vw, 193px\" \/><\/span><\/p>\n<p><span class=\"tojvnm2t a6sixzi8 abs2jz4q a8s20v7p t1p8iaqh k5wvi7nf q3lfd5jv pk4s997a bipmatt0 cebpdrjk qowsmv63 owwhemhu dp1hu0rb dhp61c6y iyyx5f41\">Dekor\u00e1ci\u00f3k <\/span><span class=\"tojvnm2t a6sixzi8 abs2jz4q a8s20v7p t1p8iaqh k5wvi7nf q3lfd5jv pk4s997a bipmatt0 cebpdrjk qowsmv63 owwhemhu dp1hu0rb dhp61c6y iyyx5f41\">rendel\u00e9se jelenleg a FB oldalunkon lehets\u00e9ges: <span role=\"gridcell\"><a class=\"oajrlxb2 g5ia77u1 qu0x051f esr5mh6w e9989ue4 r7d6kgcz rq0escxv nhd2j8a9 nc684nl6 p7hjln8o kvgmc6g5 cxmmr5t8 oygrvhab hcukyx3x jb3vyjys rz4wbd8a qt6c0cv9 a8nywdso i1ao9s8h oo483o9r f1sip0of lzcic4wl oo9gr5id gpro0wi8\" tabindex=\"0\" role=\"link\" href=\"https:\/\/www.facebook.com\/viziodekor\/\" target=\"_blank\" rel=\"noopener noreferrer\">https:\/\/www.facebook.com\/viziodekor\/<\/a><\/span><\/span><\/p>\n<p><a href=\"https:\/\/centrumshop.hu\/index.php?route=product\/category&amp;path=62_63_334\" target=\"_blank\" rel=\"noopener noreferrer\"><img loading=\"lazy\" decoding=\"async\" class=\"alignnone size-medium wp-image-514\" src=\"https:\/\/viziotatabanya.hu\/wp-content\/uploads\/2020\/07\/84147604_2750709501922127_8230301814776397824_o-225x300.jpg\" alt=\"\" width=\"225\" height=\"300\" srcset=\"https:\/\/viziotatabanya.hu\/wp-content\/uploads\/2020\/07\/84147604_2750709501922127_8230301814776397824_o-225x300.jpg 225w, https:\/\/viziotatabanya.hu\/wp-content\/uploads\/2020\/07\/84147604_2750709501922127_8230301814776397824_o-768x1024.jpg 768w, https:\/\/viziotatabanya.hu\/wp-content\/uploads\/2020\/07\/84147604_2750709501922127_8230301814776397824_o.jpg 1200w\" sizes=\"auto, (max-width: 225px) 100vw, 225px\" \/><\/a><a href=\"https:\/\/centrumshop.hu\/index.php?route=product\/category&amp;path=62_63_104\" target=\"_blank\" rel=\"noopener noreferrer\"><img loading=\"lazy\" decoding=\"async\" class=\"alignnone size-medium wp-image-513\" src=\"https:\/\/viziotatabanya.hu\/wp-content\/uploads\/2020\/07\/83383500_2734959663497111_2216492605531750400_o-227x300.jpg\" alt=\"\" width=\"227\" height=\"300\" srcset=\"https:\/\/viziotatabanya.hu\/wp-content\/uploads\/2020\/07\/83383500_2734959663497111_2216492605531750400_o-227x300.jpg 227w, https:\/\/viziotatabanya.hu\/wp-content\/uploads\/2020\/07\/83383500_2734959663497111_2216492605531750400_o-768x1013.jpg 768w, https:\/\/viziotatabanya.hu\/wp-content\/uploads\/2020\/07\/83383500_2734959663497111_2216492605531750400_o-776x1024.jpg 776w, https:\/\/viziotatabanya.hu\/wp-content\/uploads\/2020\/07\/83383500_2734959663497111_2216492605531750400_o.jpg 1213w\" sizes=\"auto, (max-width: 227px) 100vw, 227px\" \/><\/a><a href=\"https:\/\/centrumshop.hu\/index.php?route=product\/category&amp;path=62_63_104\" target=\"_blank\" rel=\"noopener noreferrer\"><img loading=\"lazy\" decoding=\"async\" class=\"alignnone size-medium wp-image-511\" src=\"https:\/\/viziotatabanya.hu\/wp-content\/uploads\/2020\/07\/52153182_2259160334410382_6450628282558709760_o-230x300.jpg\" alt=\"\" width=\"230\" height=\"300\" srcset=\"https:\/\/viziotatabanya.hu\/wp-content\/uploads\/2020\/07\/52153182_2259160334410382_6450628282558709760_o-230x300.jpg 230w, https:\/\/viziotatabanya.hu\/wp-content\/uploads\/2020\/07\/52153182_2259160334410382_6450628282558709760_o-768x1003.jpg 768w, https:\/\/viziotatabanya.hu\/wp-content\/uploads\/2020\/07\/52153182_2259160334410382_6450628282558709760_o-784x1024.jpg 784w, https:\/\/viziotatabanya.hu\/wp-content\/uploads\/2020\/07\/52153182_2259160334410382_6450628282558709760_o.jpg 1225w\" sizes=\"auto, (max-width: 230px) 100vw, 230px\" \/><\/a><\/p>\n<p><img loading=\"lazy\" decoding=\"async\" class=\"alignnone size-medium wp-image-516\" src=\"https:\/\/viziotatabanya.hu\/wp-content\/uploads\/2020\/07\/94793315_2821795344813542_971757194196287488_o-297x300.jpg\" alt=\"\" width=\"297\" height=\"300\" srcset=\"https:\/\/viziotatabanya.hu\/wp-content\/uploads\/2020\/07\/94793315_2821795344813542_971757194196287488_o-297x300.jpg 297w, https:\/\/viziotatabanya.hu\/wp-content\/uploads\/2020\/07\/94793315_2821795344813542_971757194196287488_o-768x775.jpg 768w, https:\/\/viziotatabanya.hu\/wp-content\/uploads\/2020\/07\/94793315_2821795344813542_971757194196287488_o-1015x1024.jpg 1015w, https:\/\/viziotatabanya.hu\/wp-content\/uploads\/2020\/07\/94793315_2821795344813542_971757194196287488_o-100x100.jpg 100w, https:\/\/viziotatabanya.hu\/wp-content\/uploads\/2020\/07\/94793315_2821795344813542_971757194196287488_o.jpg 1586w\" sizes=\"auto, (max-width: 297px) 100vw, 297px\" \/><img loading=\"lazy\" decoding=\"async\" class=\"alignnone  wp-image-515\" src=\"https:\/\/viziotatabanya.hu\/wp-content\/uploads\/2020\/07\/93117849_2812312462428497_1058022037538209792_o-300x204.jpg\" alt=\"\" width=\"450\" height=\"306\" srcset=\"https:\/\/viziotatabanya.hu\/wp-content\/uploads\/2020\/07\/93117849_2812312462428497_1058022037538209792_o-300x204.jpg 300w, https:\/\/viziotatabanya.hu\/wp-content\/uploads\/2020\/07\/93117849_2812312462428497_1058022037538209792_o-768x522.jpg 768w, https:\/\/viziotatabanya.hu\/wp-content\/uploads\/2020\/07\/93117849_2812312462428497_1058022037538209792_o-1024x695.jpg 1024w, https:\/\/viziotatabanya.hu\/wp-content\/uploads\/2020\/07\/93117849_2812312462428497_1058022037538209792_o.jpg 1440w\" sizes=\"auto, (max-width: 450px) 100vw, 450px\" \/><\/p>\n","protected":false},"excerpt":{"rendered":"<p>https:\/\/www.facebook.com\/viziodekor\/ Web\u00e1ruh\u00e1zunk el\u00e9rhet\u0151 itt A V\u00edzi\u00f3 Dekor t\u00f6bb, mint 2 \u00e9ve n\u0151tte ki mag\u00e1t hobbi oldalb\u00f3l hivat\u00e1ss\u00e1. A n\u00e9vv\u00e1laszt\u00e1s nem a v\u00e9letlen m\u0171ve, hiszen meg\u00e9lhet\u00e9s\u00fcnk&#8230;<\/p>\n","protected":false},"author":1,"featured_media":0,"parent":0,"menu_order":0,"comment_status":"closed","ping_status":"closed","template":"","meta":{"footnotes":""},"class_list":["post-503","page","type-page","status-publish","hentry"],"_links":{"self":[{"href":"https:\/\/viziotatabanya.hu\/index.php\/wp-json\/wp\/v2\/pages\/503","targetHints":{"allow":["GET"]}}],"collection":[{"href":"https:\/\/viziotatabanya.hu\/index.php\/wp-json\/wp\/v2\/pages"}],"about":[{"href":"https:\/\/viziotatabanya.hu\/index.php\/wp-json\/wp\/v2\/types\/page"}],"author":[{"embeddable":true,"href":"https:\/\/viziotatabanya.hu\/index.php\/wp-json\/wp\/v2\/users\/1"}],"replies":[{"embeddable":true,"href":"https:\/\/viziotatabanya.hu\/index.php\/wp-json\/wp\/v2\/comments?post=503"}],"version-history":[{"count":8,"href":"https:\/\/viziotatabanya.hu\/index.php\/wp-json\/wp\/v2\/pages\/503\/revisions"}],"predecessor-version":[{"id":557,"href":"https:\/\/viziotatabanya.hu\/index.php\/wp-json\/wp\/v2\/pages\/503\/revisions\/557"}],"wp:attachment":[{"href":"https:\/\/viziotatabanya.hu\/index.php\/wp-json\/wp\/v2\/media?parent=503"}],"curies":[{"name":"wp","href":"https:\/\/api.w.org\/{rel}","templated":true}]}}